
{"id":2435,"date":"2023-07-13T08:31:36","date_gmt":"2023-07-13T08:31:36","guid":{"rendered":"http:\/\/aerox.nl\/danke-fuer-ihre-nachricht\/"},"modified":"2025-10-02T20:27:11","modified_gmt":"2025-10-02T20:27:11","slug":"danke-fuer-ihre-nachricht","status":"publish","type":"page","link":"https:\/\/aerox.nl\/de\/danke-fuer-ihre-nachricht\/","title":{"rendered":"Danke f\u00fcr Ihre Nachricht"},"content":{"rendered":"\t\t<div data-elementor-type=\"wp-page\" data-elementor-id=\"2435\" class=\"elementor elementor-2435 elementor-1573\" data-elementor-post-type=\"page\">\n\t\t\t\t<section class=\"elementor-element elementor-element-736bb5a e-flex e-con-boxed e-con e-parent\" data-id=\"736bb5a\" data-element_type=\"container\">\n\t\t\t\t\t<div class=\"e-con-inner\">\n\t\t<div data-dce-background-overlay-color=\"#00223B00\" data-dce-background-image-url=\"https:\/\/aerox.nl\/wp-content\/uploads\/2025\/09\/Brembo-mexico-unit-1-scaled.jpg\" class=\"elementor-element elementor-element-9bfae40 e-con-full e-flex e-con e-child\" data-id=\"9bfae40\" data-element_type=\"container\" data-settings=\"{&quot;background_background&quot;:&quot;classic&quot;}\">\n\t\t<div class=\"elementor-element elementor-element-e5ba5c1 e-con-full e-flex e-con e-child\" data-id=\"e5ba5c1\" data-element_type=\"container\">\n\t\t\t\t<div class=\"elementor-element elementor-element-95fb85d elementor-widget elementor-widget-heading\" data-id=\"95fb85d\" data-element_type=\"widget\" data-widget_type=\"heading.default\">\n\t\t\t\t<div class=\"elementor-widget-container\">\n\t\t\t\t\t<h1 class=\"elementor-heading-title elementor-size-default\">Vielen Dank f\u00fcr Ihre Nachricht<\/h1>\t\t\t\t<\/div>\n\t\t\t\t<\/div>\n\t\t\t\t<div class=\"elementor-element elementor-element-5d8cd85 elementor-widget elementor-widget-text-editor\" data-id=\"5d8cd85\" data-element_type=\"widget\" data-widget_type=\"text-editor.default\">\n\t\t\t\t<div class=\"elementor-widget-container\">\n\t\t\t\t\t\t\t\t\t<p>Wir haben Ihre Nachricht gut erhalten und werden uns so schnell wie m\u00f6glich mit Ihnen in Verbindung setzen. Auf unserer Website finden Sie weitere Informationen \u00fcber unsere Technologie und unser Unternehmen. <\/p>\t\t\t\t\t\t\t\t<\/div>\n\t\t\t\t<\/div>\n\t\t<div class=\"elementor-element elementor-element-3d19b1e e-con-full e-flex e-con e-child\" data-id=\"3d19b1e\" data-element_type=\"container\">\n\t\t\t\t<div class=\"elementor-element elementor-element-fd2de33 elementor-view-stacked elementor-position-right arrow_btn elementor-mobile-position-right elementor-widget-mobile__width-inherit elementor-shape-circle elementor-widget elementor-widget-icon-box\" data-id=\"fd2de33\" data-element_type=\"widget\" data-widget_type=\"icon-box.default\">\n\t\t\t\t<div class=\"elementor-widget-container\">\n\t\t\t\t\t\t\t<div class=\"elementor-icon-box-wrapper\">\n\n\t\t\t\t\t\t<div class=\"elementor-icon-box-icon\">\n\t\t\t\t<a href=\"https:\/\/aerox.nl\/over-ons\/\" class=\"elementor-icon\" tabindex=\"-1\" aria-label=\"Mehr \u00fcber uns\">\n\t\t\t\t<svg xmlns=\"http:\/\/www.w3.org\/2000\/svg\" width=\"13\" height=\"13\" viewBox=\"0 0 13 13\" fill=\"none\"><path d=\"M11.3486 0.938956L2.13414 0.872664C1.73639 0.872664 1.42704 1.18202 1.42704 1.57977C1.42704 1.97752 1.73639 2.28688 2.13414 2.28688L9.62505 2.35317L0.233793 11.7444C-0.0313719 12.0096 -0.0313722 12.4515 0.233793 12.7167C0.498958 12.9819 0.962997 13.004 1.22816 12.7388L10.6636 3.30334L10.7299 10.8826C10.7299 11.2804 11.0393 11.5898 11.437 11.5898C11.6138 11.5898 11.7906 11.5014 11.9232 11.3688C12.0557 11.2362 12.1441 11.0594 12.122 10.8605L12.0557 1.64606C12.0557 1.24832 11.7464 0.938956 11.3486 0.938956Z\" fill=\"#0077DF\"><\/path><\/svg>\t\t\t\t<\/a>\n\t\t\t<\/div>\n\t\t\t\n\t\t\t\t\t\t<div class=\"elementor-icon-box-content\">\n\n\t\t\t\t\t\t\t\t\t<div class=\"elementor-icon-box-title\">\n\t\t\t\t\t\t<a href=\"https:\/\/aerox.nl\/over-ons\/\" >\n\t\t\t\t\t\t\tMehr \u00fcber uns\t\t\t\t\t\t<\/a>\n\t\t\t\t\t<\/div>\n\t\t\t\t\n\t\t\t\t\n\t\t\t<\/div>\n\t\t\t\n\t\t<\/div>\n\t\t\t\t\t\t<\/div>\n\t\t\t\t<\/div>\n\t\t\t\t<div class=\"elementor-element elementor-element-54b9c12 elementor-position-right arrow_btn elementor-mobile-position-right elementor-view-default elementor-widget elementor-widget-icon-box\" data-id=\"54b9c12\" data-element_type=\"widget\" data-widget_type=\"icon-box.default\">\n\t\t\t\t<div class=\"elementor-widget-container\">\n\t\t\t\t\t\t\t<div class=\"elementor-icon-box-wrapper\">\n\n\t\t\t\t\t\t<div class=\"elementor-icon-box-icon\">\n\t\t\t\t<a href=\"https:\/\/aerox.nl\/technologie\/\" class=\"elementor-icon\" tabindex=\"-1\">\n\t\t\t\t<svg xmlns=\"http:\/\/www.w3.org\/2000\/svg\" width=\"13\" height=\"13\" viewBox=\"0 0 13 13\" fill=\"none\"><path d=\"M11.3486 0.938956L2.13414 0.872664C1.73639 0.872664 1.42704 1.18202 1.42704 1.57977C1.42704 1.97752 1.73639 2.28688 2.13414 2.28688L9.62505 2.35317L0.233793 11.7444C-0.0313719 12.0096 -0.0313722 12.4515 0.233793 12.7167C0.498958 12.9819 0.962997 13.004 1.22816 12.7388L10.6636 3.30334L10.7299 10.8826C10.7299 11.2804 11.0393 11.5898 11.437 11.5898C11.6138 11.5898 11.7906 11.5014 11.9232 11.3688C12.0557 11.2362 12.1441 11.0594 12.122 10.8605L12.0557 1.64606C12.0557 1.24832 11.7464 0.938956 11.3486 0.938956Z\" fill=\"#0077DF\"><\/path><\/svg>\t\t\t\t<\/a>\n\t\t\t<\/div>\n\t\t\t\n\t\t\t\t\t\t<div class=\"elementor-icon-box-content\">\n\n\t\t\t\t\n\t\t\t\t\t\t\t\t\t<p class=\"elementor-icon-box-description\">\n\t\t\t\t\t\tBeobachten Sie die Technologie\t\t\t\t\t<\/p>\n\t\t\t\t\n\t\t\t<\/div>\n\t\t\t\n\t\t<\/div>\n\t\t\t\t\t\t<\/div>\n\t\t\t\t<\/div>\n\t\t\t\t<\/div>\n\t\t\t\t<\/div>\n\t\t\t\t<\/div>\n\t\t\t\t\t<\/div>\n\t\t\t\t<\/section>\n\t\t\t\t<\/div>\n\t\t","protected":false},"excerpt":{"rendered":"<p>Vielen Dank f\u00fcr Ihre Nachricht Wir haben Ihre Nachricht gut erhalten und werden uns so schnell wie m\u00f6glich mit Ihnen in Verbindung setzen. Auf unserer Website finden Sie weitere Informationen \u00fcber unsere Technologie und unser Unternehmen. Mehr \u00fcber uns Beobachten Sie die Technologie<\/p>\n","protected":false},"author":10,"featured_media":0,"parent":0,"menu_order":0,"comment_status":"closed","ping_status":"closed","template":"","meta":{"_acf_changed":false,"footnotes":""},"class_list":["post-2435","page","type-page","status-publish","hentry"],"acf":[],"yoast_head":"<!-- This site is optimized with the Yoast SEO plugin v25.2 - https:\/\/yoast.com\/wordpress\/plugins\/seo\/ -->\n<title>Danke f\u00fcr Ihre Nachricht Seite - Aerox<\/title>\n<meta name=\"description\" content=\"Vielen Dank f\u00fcr Ihre Nachricht Wir haben Ihre Nachricht gut erhalten und werden uns so schnell wie m\u00f6glich mit Ihnen in Verbindung setzen. Auf unserer\" \/>\n<meta name=\"robots\" content=\"index, nofollow, max-snippet:-1, max-image-preview:large, max-video-preview:-1\" \/>\n<link rel=\"canonical\" href=\"https:\/\/aerox.nl\/de\/danke-fuer-ihre-nachricht\/\" \/>\n<meta property=\"og:locale\" content=\"de_DE\" \/>\n<meta property=\"og:type\" content=\"article\" \/>\n<meta property=\"og:title\" content=\"Danke f\u00fcr Ihre Nachricht Seite - Aerox\" \/>\n<meta property=\"og:description\" content=\"Vielen Dank f\u00fcr Ihre Nachricht Wir haben Ihre Nachricht gut erhalten und werden uns so schnell wie m\u00f6glich mit Ihnen in Verbindung setzen. Auf unserer\" \/>\n<meta property=\"og:url\" content=\"https:\/\/aerox.nl\/de\/danke-fuer-ihre-nachricht\/\" \/>\n<meta property=\"og:site_name\" content=\"Aerox\" \/>\n<meta property=\"article:modified_time\" content=\"2025-10-02T20:27:11+00:00\" \/>\n<meta name=\"twitter:card\" content=\"summary_large_image\" \/>\n<meta name=\"twitter:site\" content=\"@aeroxinjector\" \/>\n<script type=\"application\/ld+json\" class=\"yoast-schema-graph\">{\"@context\":\"https:\/\/schema.org\",\"@graph\":[{\"@type\":\"Article\",\"@id\":\"https:\/\/aerox.nl\/de\/danke-fuer-ihre-nachricht\/#article\",\"isPartOf\":{\"@id\":\"https:\/\/aerox.nl\/de\/danke-fuer-ihre-nachricht\/\"},\"author\":{\"name\":\"Lowe\u00e9\",\"@id\":\"https:\/\/aerox.nl\/de\/#\/schema\/person\/7e9f4cfa0aec51b2022697bb4f173106\"},\"headline\":\"Danke f\u00fcr Ihre Nachricht\",\"datePublished\":\"2023-07-13T08:31:36+00:00\",\"dateModified\":\"2025-10-02T20:27:11+00:00\",\"mainEntityOfPage\":{\"@id\":\"https:\/\/aerox.nl\/de\/danke-fuer-ihre-nachricht\/\"},\"wordCount\":50,\"publisher\":{\"@id\":\"https:\/\/aerox.nl\/de\/#organization\"},\"inLanguage\":\"de\"},{\"@type\":\"WebPage\",\"@id\":\"https:\/\/aerox.nl\/de\/danke-fuer-ihre-nachricht\/\",\"url\":\"https:\/\/aerox.nl\/de\/danke-fuer-ihre-nachricht\/\",\"name\":\"Danke f\u00fcr Ihre Nachricht Seite - Aerox\",\"isPartOf\":{\"@id\":\"https:\/\/aerox.nl\/de\/#website\"},\"datePublished\":\"2023-07-13T08:31:36+00:00\",\"dateModified\":\"2025-10-02T20:27:11+00:00\",\"description\":\"Vielen Dank f\u00fcr Ihre Nachricht Wir haben Ihre Nachricht gut erhalten und werden uns so schnell wie m\u00f6glich mit Ihnen in Verbindung setzen. Auf unserer\",\"breadcrumb\":{\"@id\":\"https:\/\/aerox.nl\/de\/danke-fuer-ihre-nachricht\/#breadcrumb\"},\"inLanguage\":\"de\",\"potentialAction\":[{\"@type\":\"ReadAction\",\"target\":[\"https:\/\/aerox.nl\/de\/danke-fuer-ihre-nachricht\/\"]}]},{\"@type\":\"BreadcrumbList\",\"@id\":\"https:\/\/aerox.nl\/de\/danke-fuer-ihre-nachricht\/#breadcrumb\",\"itemListElement\":[{\"@type\":\"ListItem\",\"position\":1,\"name\":\"Startseite\",\"item\":\"https:\/\/aerox.nl\/de\/\"},{\"@type\":\"ListItem\",\"position\":2,\"name\":\"Danke f\u00fcr Ihre Nachricht\"}]},{\"@type\":\"WebSite\",\"@id\":\"https:\/\/aerox.nl\/de\/#website\",\"url\":\"https:\/\/aerox.nl\/de\/\",\"name\":\"Aerox\",\"description\":\"Leading in Odour Control | Geurcontrolesystemen\",\"publisher\":{\"@id\":\"https:\/\/aerox.nl\/de\/#organization\"},\"potentialAction\":[{\"@type\":\"SearchAction\",\"target\":{\"@type\":\"EntryPoint\",\"urlTemplate\":\"https:\/\/aerox.nl\/de\/?s={search_term_string}\"},\"query-input\":{\"@type\":\"PropertyValueSpecification\",\"valueRequired\":true,\"valueName\":\"search_term_string\"}}],\"inLanguage\":\"de\"},{\"@type\":\"Organization\",\"@id\":\"https:\/\/aerox.nl\/de\/#organization\",\"name\":\"Aerox\",\"url\":\"https:\/\/aerox.nl\/de\/\",\"logo\":{\"@type\":\"ImageObject\",\"inLanguage\":\"de\",\"@id\":\"https:\/\/aerox.nl\/de\/#\/schema\/logo\/image\/\",\"url\":\"https:\/\/aerox.nl\/wp-content\/uploads\/aerox-logo.svg\",\"contentUrl\":\"https:\/\/aerox.nl\/wp-content\/uploads\/aerox-logo.svg\",\"width\":265,\"height\":87,\"caption\":\"Aerox\"},\"image\":{\"@id\":\"https:\/\/aerox.nl\/de\/#\/schema\/logo\/image\/\"},\"sameAs\":[\"https:\/\/x.com\/aeroxinjector\"]},{\"@type\":\"Person\",\"@id\":\"https:\/\/aerox.nl\/de\/#\/schema\/person\/7e9f4cfa0aec51b2022697bb4f173106\",\"name\":\"Lowe\u00e9\",\"image\":{\"@type\":\"ImageObject\",\"inLanguage\":\"de\",\"@id\":\"https:\/\/aerox.nl\/de\/#\/schema\/person\/image\/\",\"url\":\"https:\/\/secure.gravatar.com\/avatar\/eb116f67394b68d4e9c10f2d68a3def33d99168d8e37642ee4f07368a22bed6f?s=96&d=mm&r=g\",\"contentUrl\":\"https:\/\/secure.gravatar.com\/avatar\/eb116f67394b68d4e9c10f2d68a3def33d99168d8e37642ee4f07368a22bed6f?s=96&d=mm&r=g\",\"caption\":\"Lowe\u00e9\"},\"url\":\"https:\/\/aerox.nl\/de\/author\/lowee\/\"}]}<\/script>\n<!-- \/ Yoast SEO plugin. -->","yoast_head_json":{"title":"Danke f\u00fcr Ihre Nachricht Seite - Aerox","description":"Vielen Dank f\u00fcr Ihre Nachricht Wir haben Ihre Nachricht gut erhalten und werden uns so schnell wie m\u00f6glich mit Ihnen in Verbindung setzen. Auf unserer","robots":{"index":"index","follow":"nofollow","max-snippet":"max-snippet:-1","max-image-preview":"max-image-preview:large","max-video-preview":"max-video-preview:-1"},"canonical":"https:\/\/aerox.nl\/de\/danke-fuer-ihre-nachricht\/","og_locale":"de_DE","og_type":"article","og_title":"Danke f\u00fcr Ihre Nachricht Seite - Aerox","og_description":"Vielen Dank f\u00fcr Ihre Nachricht Wir haben Ihre Nachricht gut erhalten und werden uns so schnell wie m\u00f6glich mit Ihnen in Verbindung setzen. Auf unserer","og_url":"https:\/\/aerox.nl\/de\/danke-fuer-ihre-nachricht\/","og_site_name":"Aerox","article_modified_time":"2025-10-02T20:27:11+00:00","twitter_card":"summary_large_image","twitter_site":"@aeroxinjector","schema":{"@context":"https:\/\/schema.org","@graph":[{"@type":"Article","@id":"https:\/\/aerox.nl\/de\/danke-fuer-ihre-nachricht\/#article","isPartOf":{"@id":"https:\/\/aerox.nl\/de\/danke-fuer-ihre-nachricht\/"},"author":{"name":"Lowe\u00e9","@id":"https:\/\/aerox.nl\/de\/#\/schema\/person\/7e9f4cfa0aec51b2022697bb4f173106"},"headline":"Danke f\u00fcr Ihre Nachricht","datePublished":"2023-07-13T08:31:36+00:00","dateModified":"2025-10-02T20:27:11+00:00","mainEntityOfPage":{"@id":"https:\/\/aerox.nl\/de\/danke-fuer-ihre-nachricht\/"},"wordCount":50,"publisher":{"@id":"https:\/\/aerox.nl\/de\/#organization"},"inLanguage":"de"},{"@type":"WebPage","@id":"https:\/\/aerox.nl\/de\/danke-fuer-ihre-nachricht\/","url":"https:\/\/aerox.nl\/de\/danke-fuer-ihre-nachricht\/","name":"Danke f\u00fcr Ihre Nachricht Seite - Aerox","isPartOf":{"@id":"https:\/\/aerox.nl\/de\/#website"},"datePublished":"2023-07-13T08:31:36+00:00","dateModified":"2025-10-02T20:27:11+00:00","description":"Vielen Dank f\u00fcr Ihre Nachricht Wir haben Ihre Nachricht gut erhalten und werden uns so schnell wie m\u00f6glich mit Ihnen in Verbindung setzen. Auf unserer","breadcrumb":{"@id":"https:\/\/aerox.nl\/de\/danke-fuer-ihre-nachricht\/#breadcrumb"},"inLanguage":"de","potentialAction":[{"@type":"ReadAction","target":["https:\/\/aerox.nl\/de\/danke-fuer-ihre-nachricht\/"]}]},{"@type":"BreadcrumbList","@id":"https:\/\/aerox.nl\/de\/danke-fuer-ihre-nachricht\/#breadcrumb","itemListElement":[{"@type":"ListItem","position":1,"name":"Startseite","item":"https:\/\/aerox.nl\/de\/"},{"@type":"ListItem","position":2,"name":"Danke f\u00fcr Ihre Nachricht"}]},{"@type":"WebSite","@id":"https:\/\/aerox.nl\/de\/#website","url":"https:\/\/aerox.nl\/de\/","name":"Aerox","description":"Leading in Odour Control | Geurcontrolesystemen","publisher":{"@id":"https:\/\/aerox.nl\/de\/#organization"},"potentialAction":[{"@type":"SearchAction","target":{"@type":"EntryPoint","urlTemplate":"https:\/\/aerox.nl\/de\/?s={search_term_string}"},"query-input":{"@type":"PropertyValueSpecification","valueRequired":true,"valueName":"search_term_string"}}],"inLanguage":"de"},{"@type":"Organization","@id":"https:\/\/aerox.nl\/de\/#organization","name":"Aerox","url":"https:\/\/aerox.nl\/de\/","logo":{"@type":"ImageObject","inLanguage":"de","@id":"https:\/\/aerox.nl\/de\/#\/schema\/logo\/image\/","url":"https:\/\/aerox.nl\/wp-content\/uploads\/aerox-logo.svg","contentUrl":"https:\/\/aerox.nl\/wp-content\/uploads\/aerox-logo.svg","width":265,"height":87,"caption":"Aerox"},"image":{"@id":"https:\/\/aerox.nl\/de\/#\/schema\/logo\/image\/"},"sameAs":["https:\/\/x.com\/aeroxinjector"]},{"@type":"Person","@id":"https:\/\/aerox.nl\/de\/#\/schema\/person\/7e9f4cfa0aec51b2022697bb4f173106","name":"Lowe\u00e9","image":{"@type":"ImageObject","inLanguage":"de","@id":"https:\/\/aerox.nl\/de\/#\/schema\/person\/image\/","url":"https:\/\/secure.gravatar.com\/avatar\/eb116f67394b68d4e9c10f2d68a3def33d99168d8e37642ee4f07368a22bed6f?s=96&d=mm&r=g","contentUrl":"https:\/\/secure.gravatar.com\/avatar\/eb116f67394b68d4e9c10f2d68a3def33d99168d8e37642ee4f07368a22bed6f?s=96&d=mm&r=g","caption":"Lowe\u00e9"},"url":"https:\/\/aerox.nl\/de\/author\/lowee\/"}]}},"_links":{"self":[{"href":"https:\/\/aerox.nl\/de\/wp-json\/wp\/v2\/pages\/2435","targetHints":{"allow":["GET"]}}],"collection":[{"href":"https:\/\/aerox.nl\/de\/wp-json\/wp\/v2\/pages"}],"about":[{"href":"https:\/\/aerox.nl\/de\/wp-json\/wp\/v2\/types\/page"}],"author":[{"embeddable":true,"href":"https:\/\/aerox.nl\/de\/wp-json\/wp\/v2\/users\/10"}],"replies":[{"embeddable":true,"href":"https:\/\/aerox.nl\/de\/wp-json\/wp\/v2\/comments?post=2435"}],"version-history":[{"count":2,"href":"https:\/\/aerox.nl\/de\/wp-json\/wp\/v2\/pages\/2435\/revisions"}],"predecessor-version":[{"id":13270,"href":"https:\/\/aerox.nl\/de\/wp-json\/wp\/v2\/pages\/2435\/revisions\/13270"}],"wp:attachment":[{"href":"https:\/\/aerox.nl\/de\/wp-json\/wp\/v2\/media?parent=2435"}],"curies":[{"name":"wp","href":"https:\/\/api.w.org\/{rel}","templated":true}]}}