
{"id":2402,"date":"2023-07-13T08:31:36","date_gmt":"2023-07-13T08:31:36","guid":{"rendered":"http:\/\/aerox.nl\/gracias-por-su-mensaje\/"},"modified":"2025-10-02T20:27:38","modified_gmt":"2025-10-02T20:27:38","slug":"gracias-por-su-mensaje","status":"publish","type":"page","link":"https:\/\/aerox.nl\/es\/gracias-por-su-mensaje\/","title":{"rendered":"Gracias por su mensaje"},"content":{"rendered":"\t\t<div data-elementor-type=\"wp-page\" data-elementor-id=\"2402\" class=\"elementor elementor-2402 elementor-1573\" data-elementor-post-type=\"page\">\n\t\t\t\t<section class=\"elementor-element elementor-element-736bb5a e-flex e-con-boxed e-con e-parent\" data-id=\"736bb5a\" data-element_type=\"container\">\n\t\t\t\t\t<div class=\"e-con-inner\">\n\t\t<div data-dce-background-overlay-color=\"#00223B00\" data-dce-background-image-url=\"https:\/\/aerox.nl\/wp-content\/uploads\/2025\/09\/Brembo-mexico-unit-1-scaled.jpg\" class=\"elementor-element elementor-element-9bfae40 e-con-full e-flex e-con e-child\" data-id=\"9bfae40\" data-element_type=\"container\" data-settings=\"{&quot;background_background&quot;:&quot;classic&quot;}\">\n\t\t<div class=\"elementor-element elementor-element-e5ba5c1 e-con-full e-flex e-con e-child\" data-id=\"e5ba5c1\" data-element_type=\"container\">\n\t\t\t\t<div class=\"elementor-element elementor-element-95fb85d elementor-widget elementor-widget-heading\" data-id=\"95fb85d\" data-element_type=\"widget\" data-widget_type=\"heading.default\">\n\t\t\t\t<div class=\"elementor-widget-container\">\n\t\t\t\t\t<h1 class=\"elementor-heading-title elementor-size-default\">Gracias por tu mensaje<\/h1>\t\t\t\t<\/div>\n\t\t\t\t<\/div>\n\t\t\t\t<div class=\"elementor-element elementor-element-5d8cd85 elementor-widget elementor-widget-text-editor\" data-id=\"5d8cd85\" data-element_type=\"widget\" data-widget_type=\"text-editor.default\">\n\t\t\t\t<div class=\"elementor-widget-container\">\n\t\t\t\t\t\t\t\t\t<p>Hemos recibido bien tu mensaje y nos pondremos en contacto contigo lo antes posible. No dudes en navegar por nuestro sitio web para obtener m\u00e1s informaci\u00f3n sobre nuestra tecnolog\u00eda y nuestra empresa. <\/p>\t\t\t\t\t\t\t\t<\/div>\n\t\t\t\t<\/div>\n\t\t<div class=\"elementor-element elementor-element-3d19b1e e-con-full e-flex e-con e-child\" data-id=\"3d19b1e\" data-element_type=\"container\">\n\t\t\t\t<div class=\"elementor-element elementor-element-fd2de33 elementor-view-stacked elementor-position-right arrow_btn elementor-mobile-position-right elementor-widget-mobile__width-inherit elementor-shape-circle elementor-widget elementor-widget-icon-box\" data-id=\"fd2de33\" data-element_type=\"widget\" data-widget_type=\"icon-box.default\">\n\t\t\t\t<div class=\"elementor-widget-container\">\n\t\t\t\t\t\t\t<div class=\"elementor-icon-box-wrapper\">\n\n\t\t\t\t\t\t<div class=\"elementor-icon-box-icon\">\n\t\t\t\t<a href=\"https:\/\/aerox.nl\/over-ons\/\" class=\"elementor-icon\" tabindex=\"-1\" aria-label=\"M\u00e1s sobre nosotros\">\n\t\t\t\t<svg xmlns=\"http:\/\/www.w3.org\/2000\/svg\" width=\"13\" height=\"13\" viewBox=\"0 0 13 13\" fill=\"none\"><path d=\"M11.3486 0.938956L2.13414 0.872664C1.73639 0.872664 1.42704 1.18202 1.42704 1.57977C1.42704 1.97752 1.73639 2.28688 2.13414 2.28688L9.62505 2.35317L0.233793 11.7444C-0.0313719 12.0096 -0.0313722 12.4515 0.233793 12.7167C0.498958 12.9819 0.962997 13.004 1.22816 12.7388L10.6636 3.30334L10.7299 10.8826C10.7299 11.2804 11.0393 11.5898 11.437 11.5898C11.6138 11.5898 11.7906 11.5014 11.9232 11.3688C12.0557 11.2362 12.1441 11.0594 12.122 10.8605L12.0557 1.64606C12.0557 1.24832 11.7464 0.938956 11.3486 0.938956Z\" fill=\"#0077DF\"><\/path><\/svg>\t\t\t\t<\/a>\n\t\t\t<\/div>\n\t\t\t\n\t\t\t\t\t\t<div class=\"elementor-icon-box-content\">\n\n\t\t\t\t\t\t\t\t\t<div class=\"elementor-icon-box-title\">\n\t\t\t\t\t\t<a href=\"https:\/\/aerox.nl\/over-ons\/\" >\n\t\t\t\t\t\t\tM\u00e1s sobre nosotros\t\t\t\t\t\t<\/a>\n\t\t\t\t\t<\/div>\n\t\t\t\t\n\t\t\t\t\n\t\t\t<\/div>\n\t\t\t\n\t\t<\/div>\n\t\t\t\t\t\t<\/div>\n\t\t\t\t<\/div>\n\t\t\t\t<div class=\"elementor-element elementor-element-54b9c12 elementor-position-right arrow_btn elementor-mobile-position-right elementor-view-default elementor-widget elementor-widget-icon-box\" data-id=\"54b9c12\" data-element_type=\"widget\" data-widget_type=\"icon-box.default\">\n\t\t\t\t<div class=\"elementor-widget-container\">\n\t\t\t\t\t\t\t<div class=\"elementor-icon-box-wrapper\">\n\n\t\t\t\t\t\t<div class=\"elementor-icon-box-icon\">\n\t\t\t\t<a href=\"https:\/\/aerox.nl\/technologie\/\" class=\"elementor-icon\" tabindex=\"-1\">\n\t\t\t\t<svg xmlns=\"http:\/\/www.w3.org\/2000\/svg\" width=\"13\" height=\"13\" viewBox=\"0 0 13 13\" fill=\"none\"><path d=\"M11.3486 0.938956L2.13414 0.872664C1.73639 0.872664 1.42704 1.18202 1.42704 1.57977C1.42704 1.97752 1.73639 2.28688 2.13414 2.28688L9.62505 2.35317L0.233793 11.7444C-0.0313719 12.0096 -0.0313722 12.4515 0.233793 12.7167C0.498958 12.9819 0.962997 13.004 1.22816 12.7388L10.6636 3.30334L10.7299 10.8826C10.7299 11.2804 11.0393 11.5898 11.437 11.5898C11.6138 11.5898 11.7906 11.5014 11.9232 11.3688C12.0557 11.2362 12.1441 11.0594 12.122 10.8605L12.0557 1.64606C12.0557 1.24832 11.7464 0.938956 11.3486 0.938956Z\" fill=\"#0077DF\"><\/path><\/svg>\t\t\t\t<\/a>\n\t\t\t<\/div>\n\t\t\t\n\t\t\t\t\t\t<div class=\"elementor-icon-box-content\">\n\n\t\t\t\t\n\t\t\t\t\t\t\t\t\t<p class=\"elementor-icon-box-description\">\n\t\t\t\t\t\tObserva la tecnolog\u00eda\t\t\t\t\t<\/p>\n\t\t\t\t\n\t\t\t<\/div>\n\t\t\t\n\t\t<\/div>\n\t\t\t\t\t\t<\/div>\n\t\t\t\t<\/div>\n\t\t\t\t<\/div>\n\t\t\t\t<\/div>\n\t\t\t\t<\/div>\n\t\t\t\t\t<\/div>\n\t\t\t\t<\/section>\n\t\t\t\t<\/div>\n\t\t","protected":false},"excerpt":{"rendered":"<p>Gracias por tu mensaje Hemos recibido bien tu mensaje y nos pondremos en contacto contigo lo antes posible. No dudes en navegar por nuestro sitio web para obtener m\u00e1s informaci\u00f3n sobre nuestra tecnolog\u00eda y nuestra empresa. M\u00e1s sobre nosotros Observa la tecnolog\u00eda<\/p>\n","protected":false},"author":10,"featured_media":0,"parent":0,"menu_order":0,"comment_status":"closed","ping_status":"closed","template":"","meta":{"_acf_changed":false,"footnotes":""},"class_list":["post-2402","page","type-page","status-publish","hentry"],"acf":[],"yoast_head":"<!-- This site is optimized with the Yoast SEO plugin v25.2 - https:\/\/yoast.com\/wordpress\/plugins\/seo\/ -->\n<title>Gracias por su mensaje p\u00e1gina - Aerox<\/title>\n<meta name=\"description\" content=\"Gracias por tu mensaje Hemos recibido bien tu mensaje y nos pondremos en contacto contigo lo antes posible. No dudes en navegar por nuestro sitio web para\" \/>\n<meta name=\"robots\" content=\"index, nofollow, max-snippet:-1, max-image-preview:large, max-video-preview:-1\" \/>\n<link rel=\"canonical\" href=\"https:\/\/aerox.nl\/es\/gracias-por-su-mensaje\/\" \/>\n<meta property=\"og:locale\" content=\"es_ES\" \/>\n<meta property=\"og:type\" content=\"article\" \/>\n<meta property=\"og:title\" content=\"Gracias por su mensaje p\u00e1gina - Aerox\" \/>\n<meta property=\"og:description\" content=\"Gracias por tu mensaje Hemos recibido bien tu mensaje y nos pondremos en contacto contigo lo antes posible. No dudes en navegar por nuestro sitio web para\" \/>\n<meta property=\"og:url\" content=\"https:\/\/aerox.nl\/es\/gracias-por-su-mensaje\/\" \/>\n<meta property=\"og:site_name\" content=\"Aerox\" \/>\n<meta property=\"article:modified_time\" content=\"2025-10-02T20:27:38+00:00\" \/>\n<meta name=\"twitter:card\" content=\"summary_large_image\" \/>\n<meta name=\"twitter:site\" content=\"@aeroxinjector\" \/>\n<script type=\"application\/ld+json\" class=\"yoast-schema-graph\">{\"@context\":\"https:\/\/schema.org\",\"@graph\":[{\"@type\":\"Article\",\"@id\":\"https:\/\/aerox.nl\/es\/gracias-por-su-mensaje\/#article\",\"isPartOf\":{\"@id\":\"https:\/\/aerox.nl\/es\/gracias-por-su-mensaje\/\"},\"author\":{\"name\":\"Lowe\u00e9\",\"@id\":\"https:\/\/aerox.nl\/es\/#\/schema\/person\/7e9f4cfa0aec51b2022697bb4f173106\"},\"headline\":\"Gracias por su mensaje\",\"datePublished\":\"2023-07-13T08:31:36+00:00\",\"dateModified\":\"2025-10-02T20:27:38+00:00\",\"mainEntityOfPage\":{\"@id\":\"https:\/\/aerox.nl\/es\/gracias-por-su-mensaje\/\"},\"wordCount\":51,\"publisher\":{\"@id\":\"https:\/\/aerox.nl\/es\/#organization\"},\"inLanguage\":\"es\"},{\"@type\":\"WebPage\",\"@id\":\"https:\/\/aerox.nl\/es\/gracias-por-su-mensaje\/\",\"url\":\"https:\/\/aerox.nl\/es\/gracias-por-su-mensaje\/\",\"name\":\"Gracias por su mensaje p\u00e1gina - Aerox\",\"isPartOf\":{\"@id\":\"https:\/\/aerox.nl\/es\/#website\"},\"datePublished\":\"2023-07-13T08:31:36+00:00\",\"dateModified\":\"2025-10-02T20:27:38+00:00\",\"description\":\"Gracias por tu mensaje Hemos recibido bien tu mensaje y nos pondremos en contacto contigo lo antes posible. No dudes en navegar por nuestro sitio web para\",\"breadcrumb\":{\"@id\":\"https:\/\/aerox.nl\/es\/gracias-por-su-mensaje\/#breadcrumb\"},\"inLanguage\":\"es\",\"potentialAction\":[{\"@type\":\"ReadAction\",\"target\":[\"https:\/\/aerox.nl\/es\/gracias-por-su-mensaje\/\"]}]},{\"@type\":\"BreadcrumbList\",\"@id\":\"https:\/\/aerox.nl\/es\/gracias-por-su-mensaje\/#breadcrumb\",\"itemListElement\":[{\"@type\":\"ListItem\",\"position\":1,\"name\":\"Inicio\",\"item\":\"https:\/\/aerox.nl\/es\/\"},{\"@type\":\"ListItem\",\"position\":2,\"name\":\"Gracias por su mensaje\"}]},{\"@type\":\"WebSite\",\"@id\":\"https:\/\/aerox.nl\/es\/#website\",\"url\":\"https:\/\/aerox.nl\/es\/\",\"name\":\"Aerox\",\"description\":\"Leading in Odour Control | Geurcontrolesystemen\",\"publisher\":{\"@id\":\"https:\/\/aerox.nl\/es\/#organization\"},\"potentialAction\":[{\"@type\":\"SearchAction\",\"target\":{\"@type\":\"EntryPoint\",\"urlTemplate\":\"https:\/\/aerox.nl\/es\/?s={search_term_string}\"},\"query-input\":{\"@type\":\"PropertyValueSpecification\",\"valueRequired\":true,\"valueName\":\"search_term_string\"}}],\"inLanguage\":\"es\"},{\"@type\":\"Organization\",\"@id\":\"https:\/\/aerox.nl\/es\/#organization\",\"name\":\"Aerox\",\"url\":\"https:\/\/aerox.nl\/es\/\",\"logo\":{\"@type\":\"ImageObject\",\"inLanguage\":\"es\",\"@id\":\"https:\/\/aerox.nl\/es\/#\/schema\/logo\/image\/\",\"url\":\"https:\/\/aerox.nl\/wp-content\/uploads\/aerox-logo.svg\",\"contentUrl\":\"https:\/\/aerox.nl\/wp-content\/uploads\/aerox-logo.svg\",\"width\":265,\"height\":87,\"caption\":\"Aerox\"},\"image\":{\"@id\":\"https:\/\/aerox.nl\/es\/#\/schema\/logo\/image\/\"},\"sameAs\":[\"https:\/\/x.com\/aeroxinjector\"]},{\"@type\":\"Person\",\"@id\":\"https:\/\/aerox.nl\/es\/#\/schema\/person\/7e9f4cfa0aec51b2022697bb4f173106\",\"name\":\"Lowe\u00e9\",\"image\":{\"@type\":\"ImageObject\",\"inLanguage\":\"es\",\"@id\":\"https:\/\/aerox.nl\/es\/#\/schema\/person\/image\/\",\"url\":\"https:\/\/secure.gravatar.com\/avatar\/eb116f67394b68d4e9c10f2d68a3def33d99168d8e37642ee4f07368a22bed6f?s=96&d=mm&r=g\",\"contentUrl\":\"https:\/\/secure.gravatar.com\/avatar\/eb116f67394b68d4e9c10f2d68a3def33d99168d8e37642ee4f07368a22bed6f?s=96&d=mm&r=g\",\"caption\":\"Lowe\u00e9\"},\"url\":\"https:\/\/aerox.nl\/es\/author\/lowee\/\"}]}<\/script>\n<!-- \/ Yoast SEO plugin. -->","yoast_head_json":{"title":"Gracias por su mensaje p\u00e1gina - Aerox","description":"Gracias por tu mensaje Hemos recibido bien tu mensaje y nos pondremos en contacto contigo lo antes posible. No dudes en navegar por nuestro sitio web para","robots":{"index":"index","follow":"nofollow","max-snippet":"max-snippet:-1","max-image-preview":"max-image-preview:large","max-video-preview":"max-video-preview:-1"},"canonical":"https:\/\/aerox.nl\/es\/gracias-por-su-mensaje\/","og_locale":"es_ES","og_type":"article","og_title":"Gracias por su mensaje p\u00e1gina - Aerox","og_description":"Gracias por tu mensaje Hemos recibido bien tu mensaje y nos pondremos en contacto contigo lo antes posible. No dudes en navegar por nuestro sitio web para","og_url":"https:\/\/aerox.nl\/es\/gracias-por-su-mensaje\/","og_site_name":"Aerox","article_modified_time":"2025-10-02T20:27:38+00:00","twitter_card":"summary_large_image","twitter_site":"@aeroxinjector","schema":{"@context":"https:\/\/schema.org","@graph":[{"@type":"Article","@id":"https:\/\/aerox.nl\/es\/gracias-por-su-mensaje\/#article","isPartOf":{"@id":"https:\/\/aerox.nl\/es\/gracias-por-su-mensaje\/"},"author":{"name":"Lowe\u00e9","@id":"https:\/\/aerox.nl\/es\/#\/schema\/person\/7e9f4cfa0aec51b2022697bb4f173106"},"headline":"Gracias por su mensaje","datePublished":"2023-07-13T08:31:36+00:00","dateModified":"2025-10-02T20:27:38+00:00","mainEntityOfPage":{"@id":"https:\/\/aerox.nl\/es\/gracias-por-su-mensaje\/"},"wordCount":51,"publisher":{"@id":"https:\/\/aerox.nl\/es\/#organization"},"inLanguage":"es"},{"@type":"WebPage","@id":"https:\/\/aerox.nl\/es\/gracias-por-su-mensaje\/","url":"https:\/\/aerox.nl\/es\/gracias-por-su-mensaje\/","name":"Gracias por su mensaje p\u00e1gina - Aerox","isPartOf":{"@id":"https:\/\/aerox.nl\/es\/#website"},"datePublished":"2023-07-13T08:31:36+00:00","dateModified":"2025-10-02T20:27:38+00:00","description":"Gracias por tu mensaje Hemos recibido bien tu mensaje y nos pondremos en contacto contigo lo antes posible. No dudes en navegar por nuestro sitio web para","breadcrumb":{"@id":"https:\/\/aerox.nl\/es\/gracias-por-su-mensaje\/#breadcrumb"},"inLanguage":"es","potentialAction":[{"@type":"ReadAction","target":["https:\/\/aerox.nl\/es\/gracias-por-su-mensaje\/"]}]},{"@type":"BreadcrumbList","@id":"https:\/\/aerox.nl\/es\/gracias-por-su-mensaje\/#breadcrumb","itemListElement":[{"@type":"ListItem","position":1,"name":"Inicio","item":"https:\/\/aerox.nl\/es\/"},{"@type":"ListItem","position":2,"name":"Gracias por su mensaje"}]},{"@type":"WebSite","@id":"https:\/\/aerox.nl\/es\/#website","url":"https:\/\/aerox.nl\/es\/","name":"Aerox","description":"Leading in Odour Control | Geurcontrolesystemen","publisher":{"@id":"https:\/\/aerox.nl\/es\/#organization"},"potentialAction":[{"@type":"SearchAction","target":{"@type":"EntryPoint","urlTemplate":"https:\/\/aerox.nl\/es\/?s={search_term_string}"},"query-input":{"@type":"PropertyValueSpecification","valueRequired":true,"valueName":"search_term_string"}}],"inLanguage":"es"},{"@type":"Organization","@id":"https:\/\/aerox.nl\/es\/#organization","name":"Aerox","url":"https:\/\/aerox.nl\/es\/","logo":{"@type":"ImageObject","inLanguage":"es","@id":"https:\/\/aerox.nl\/es\/#\/schema\/logo\/image\/","url":"https:\/\/aerox.nl\/wp-content\/uploads\/aerox-logo.svg","contentUrl":"https:\/\/aerox.nl\/wp-content\/uploads\/aerox-logo.svg","width":265,"height":87,"caption":"Aerox"},"image":{"@id":"https:\/\/aerox.nl\/es\/#\/schema\/logo\/image\/"},"sameAs":["https:\/\/x.com\/aeroxinjector"]},{"@type":"Person","@id":"https:\/\/aerox.nl\/es\/#\/schema\/person\/7e9f4cfa0aec51b2022697bb4f173106","name":"Lowe\u00e9","image":{"@type":"ImageObject","inLanguage":"es","@id":"https:\/\/aerox.nl\/es\/#\/schema\/person\/image\/","url":"https:\/\/secure.gravatar.com\/avatar\/eb116f67394b68d4e9c10f2d68a3def33d99168d8e37642ee4f07368a22bed6f?s=96&d=mm&r=g","contentUrl":"https:\/\/secure.gravatar.com\/avatar\/eb116f67394b68d4e9c10f2d68a3def33d99168d8e37642ee4f07368a22bed6f?s=96&d=mm&r=g","caption":"Lowe\u00e9"},"url":"https:\/\/aerox.nl\/es\/author\/lowee\/"}]}},"_links":{"self":[{"href":"https:\/\/aerox.nl\/es\/wp-json\/wp\/v2\/pages\/2402","targetHints":{"allow":["GET"]}}],"collection":[{"href":"https:\/\/aerox.nl\/es\/wp-json\/wp\/v2\/pages"}],"about":[{"href":"https:\/\/aerox.nl\/es\/wp-json\/wp\/v2\/types\/page"}],"author":[{"embeddable":true,"href":"https:\/\/aerox.nl\/es\/wp-json\/wp\/v2\/users\/10"}],"replies":[{"embeddable":true,"href":"https:\/\/aerox.nl\/es\/wp-json\/wp\/v2\/comments?post=2402"}],"version-history":[{"count":2,"href":"https:\/\/aerox.nl\/es\/wp-json\/wp\/v2\/pages\/2402\/revisions"}],"predecessor-version":[{"id":13274,"href":"https:\/\/aerox.nl\/es\/wp-json\/wp\/v2\/pages\/2402\/revisions\/13274"}],"wp:attachment":[{"href":"https:\/\/aerox.nl\/es\/wp-json\/wp\/v2\/media?parent=2402"}],"curies":[{"name":"wp","href":"https:\/\/api.w.org\/{rel}","templated":true}]}}