{"id":2449,"date":"2023-08-07T11:59:29","date_gmt":"2023-08-07T11:59:29","guid":{"rendered":"http:\/\/aerox.nl\/modele-de-test\/"},"modified":"2023-08-07T11:59:29","modified_gmt":"2023-08-07T11:59:29","slug":"modele-de-test","status":"publish","type":"page","link":"https:\/\/aerox.nl\/fr\/modele-de-test\/","title":{"rendered":"mod\u00e8le de test"},"content":{"rendered":"<h1>Mod\u00e8le 1<\/h1>\n<p><span style=\"vertical-align: inherit;\"><span style=\"vertical-align: inherit;\">[3d_viewer id=\u00a0\u00bb1727&Prime;]<\/span><\/span><\/p>\n<p>&nbsp;<\/p>\n<h1>Mod\u00e8le 2 - L\u00e9ger<\/h1>\n<p>[3d_viewer id=\u00a0\u00bb1731&Prime;]<\/p>\n","protected":false},"excerpt":{"rendered":"<p>Mod\u00e8le 1 [3d_viewer id=\u00a0\u00bb1727&Prime;] &nbsp; Mod\u00e8le 2 - L\u00e9ger [3d_viewer id=\u00a0\u00bb1731&Prime;]<\/p>\n","protected":false},"author":10,"featured_media":0,"parent":0,"menu_order":0,"comment_status":"closed","ping_status":"closed","template":"","meta":{"_acf_changed":false,"footnotes":""},"class_list":["post-2449","page","type-page","status-publish","hentry"],"acf":[],"yoast_head":"<!-- This site is optimized with the Yoast SEO plugin v25.2 - https:\/\/yoast.com\/wordpress\/plugins\/seo\/ -->\n<title>mod\u00e8le de test page  Aerox<\/title>\n<meta name=\"description\" content=\"Mod\u00e8le 1  &nbsp; Mod\u00e8le 2 - L\u00e9ger\" \/>\n<meta name=\"robots\" content=\"index, follow, max-snippet:-1, max-image-preview:large, max-video-preview:-1\" \/>\n<link rel=\"canonical\" href=\"https:\/\/aerox.nl\/fr\/modele-de-test\/\" \/>\n<meta property=\"og:locale\" content=\"fr_FR\" \/>\n<meta property=\"og:type\" content=\"article\" \/>\n<meta property=\"og:title\" content=\"mod\u00e8le de test page  Aerox\" \/>\n<meta property=\"og:description\" content=\"Mod\u00e8le 1  &nbsp; Mod\u00e8le 2 - L\u00e9ger\" \/>\n<meta property=\"og:url\" content=\"https:\/\/aerox.nl\/fr\/modele-de-test\/\" \/>\n<meta property=\"og:site_name\" content=\"Aerox\" \/>\n<meta name=\"twitter:card\" content=\"summary_large_image\" \/>\n<meta name=\"twitter:site\" content=\"@aeroxinjector\" \/>\n<script type=\"application\/ld+json\" class=\"yoast-schema-graph\">{\"@context\":\"https:\/\/schema.org\",\"@graph\":[{\"@type\":\"Article\",\"@id\":\"https:\/\/aerox.nl\/fr\/modele-de-test\/#article\",\"isPartOf\":{\"@id\":\"https:\/\/aerox.nl\/fr\/modele-de-test\/\"},\"author\":{\"name\":\"Lowe\u00e9\",\"@id\":\"https:\/\/aerox.nl\/fr\/#\/schema\/person\/7e9f4cfa0aec51b2022697bb4f173106\"},\"headline\":\"mod\u00e8le de test\",\"datePublished\":\"2023-08-07T11:59:29+00:00\",\"mainEntityOfPage\":{\"@id\":\"https:\/\/aerox.nl\/fr\/modele-de-test\/\"},\"wordCount\":18,\"publisher\":{\"@id\":\"https:\/\/aerox.nl\/fr\/#organization\"},\"inLanguage\":\"fr-FR\"},{\"@type\":\"WebPage\",\"@id\":\"https:\/\/aerox.nl\/fr\/modele-de-test\/\",\"url\":\"https:\/\/aerox.nl\/fr\/modele-de-test\/\",\"name\":\"mod\u00e8le de test page Aerox\",\"isPartOf\":{\"@id\":\"https:\/\/aerox.nl\/fr\/#website\"},\"datePublished\":\"2023-08-07T11:59:29+00:00\",\"description\":\"Mod\u00e8le 1 &nbsp; Mod\u00e8le 2 - L\u00e9ger\",\"breadcrumb\":{\"@id\":\"https:\/\/aerox.nl\/fr\/modele-de-test\/#breadcrumb\"},\"inLanguage\":\"fr-FR\",\"potentialAction\":[{\"@type\":\"ReadAction\",\"target\":[\"https:\/\/aerox.nl\/fr\/modele-de-test\/\"]}]},{\"@type\":\"BreadcrumbList\",\"@id\":\"https:\/\/aerox.nl\/fr\/modele-de-test\/#breadcrumb\",\"itemListElement\":[{\"@type\":\"ListItem\",\"position\":1,\"name\":\"Accueil\",\"item\":\"https:\/\/aerox.nl\/fr\/\"},{\"@type\":\"ListItem\",\"position\":2,\"name\":\"mod\u00e8le de test\"}]},{\"@type\":\"WebSite\",\"@id\":\"https:\/\/aerox.nl\/fr\/#website\",\"url\":\"https:\/\/aerox.nl\/fr\/\",\"name\":\"Aerox\",\"description\":\"Leading in Odour Control | Geurcontrolesystemen\",\"publisher\":{\"@id\":\"https:\/\/aerox.nl\/fr\/#organization\"},\"potentialAction\":[{\"@type\":\"SearchAction\",\"target\":{\"@type\":\"EntryPoint\",\"urlTemplate\":\"https:\/\/aerox.nl\/fr\/?s={search_term_string}\"},\"query-input\":{\"@type\":\"PropertyValueSpecification\",\"valueRequired\":true,\"valueName\":\"search_term_string\"}}],\"inLanguage\":\"fr-FR\"},{\"@type\":\"Organization\",\"@id\":\"https:\/\/aerox.nl\/fr\/#organization\",\"name\":\"Aerox\",\"url\":\"https:\/\/aerox.nl\/fr\/\",\"logo\":{\"@type\":\"ImageObject\",\"inLanguage\":\"fr-FR\",\"@id\":\"https:\/\/aerox.nl\/fr\/#\/schema\/logo\/image\/\",\"url\":\"https:\/\/aerox.nl\/wp-content\/uploads\/aerox-logo.svg\",\"contentUrl\":\"https:\/\/aerox.nl\/wp-content\/uploads\/aerox-logo.svg\",\"width\":265,\"height\":87,\"caption\":\"Aerox\"},\"image\":{\"@id\":\"https:\/\/aerox.nl\/fr\/#\/schema\/logo\/image\/\"},\"sameAs\":[\"https:\/\/x.com\/aeroxinjector\"]},{\"@type\":\"Person\",\"@id\":\"https:\/\/aerox.nl\/fr\/#\/schema\/person\/7e9f4cfa0aec51b2022697bb4f173106\",\"name\":\"Lowe\u00e9\",\"image\":{\"@type\":\"ImageObject\",\"inLanguage\":\"fr-FR\",\"@id\":\"https:\/\/aerox.nl\/fr\/#\/schema\/person\/image\/\",\"url\":\"https:\/\/secure.gravatar.com\/avatar\/eb116f67394b68d4e9c10f2d68a3def33d99168d8e37642ee4f07368a22bed6f?s=96&d=mm&r=g\",\"contentUrl\":\"https:\/\/secure.gravatar.com\/avatar\/eb116f67394b68d4e9c10f2d68a3def33d99168d8e37642ee4f07368a22bed6f?s=96&d=mm&r=g\",\"caption\":\"Lowe\u00e9\"},\"url\":\"https:\/\/aerox.nl\/fr\/author\/lowee\/\"}]}<\/script>\n<!-- \/ Yoast SEO plugin. -->","yoast_head_json":{"title":"mod\u00e8le de test page  Aerox","description":"Mod\u00e8le 1  &nbsp; Mod\u00e8le 2 - L\u00e9ger","robots":{"index":"index","follow":"follow","max-snippet":"max-snippet:-1","max-image-preview":"max-image-preview:large","max-video-preview":"max-video-preview:-1"},"canonical":"https:\/\/aerox.nl\/fr\/modele-de-test\/","og_locale":"fr_FR","og_type":"article","og_title":"mod\u00e8le de test page  Aerox","og_description":"Mod\u00e8le 1  &nbsp; Mod\u00e8le 2 - L\u00e9ger","og_url":"https:\/\/aerox.nl\/fr\/modele-de-test\/","og_site_name":"Aerox","twitter_card":"summary_large_image","twitter_site":"@aeroxinjector","schema":{"@context":"https:\/\/schema.org","@graph":[{"@type":"Article","@id":"https:\/\/aerox.nl\/fr\/modele-de-test\/#article","isPartOf":{"@id":"https:\/\/aerox.nl\/fr\/modele-de-test\/"},"author":{"name":"Lowe\u00e9","@id":"https:\/\/aerox.nl\/fr\/#\/schema\/person\/7e9f4cfa0aec51b2022697bb4f173106"},"headline":"mod\u00e8le de test","datePublished":"2023-08-07T11:59:29+00:00","mainEntityOfPage":{"@id":"https:\/\/aerox.nl\/fr\/modele-de-test\/"},"wordCount":18,"publisher":{"@id":"https:\/\/aerox.nl\/fr\/#organization"},"inLanguage":"fr-FR"},{"@type":"WebPage","@id":"https:\/\/aerox.nl\/fr\/modele-de-test\/","url":"https:\/\/aerox.nl\/fr\/modele-de-test\/","name":"mod\u00e8le de test page Aerox","isPartOf":{"@id":"https:\/\/aerox.nl\/fr\/#website"},"datePublished":"2023-08-07T11:59:29+00:00","description":"Mod\u00e8le 1 &nbsp; Mod\u00e8le 2 - L\u00e9ger","breadcrumb":{"@id":"https:\/\/aerox.nl\/fr\/modele-de-test\/#breadcrumb"},"inLanguage":"fr-FR","potentialAction":[{"@type":"ReadAction","target":["https:\/\/aerox.nl\/fr\/modele-de-test\/"]}]},{"@type":"BreadcrumbList","@id":"https:\/\/aerox.nl\/fr\/modele-de-test\/#breadcrumb","itemListElement":[{"@type":"ListItem","position":1,"name":"Accueil","item":"https:\/\/aerox.nl\/fr\/"},{"@type":"ListItem","position":2,"name":"mod\u00e8le de test"}]},{"@type":"WebSite","@id":"https:\/\/aerox.nl\/fr\/#website","url":"https:\/\/aerox.nl\/fr\/","name":"Aerox","description":"Leading in Odour Control | Geurcontrolesystemen","publisher":{"@id":"https:\/\/aerox.nl\/fr\/#organization"},"potentialAction":[{"@type":"SearchAction","target":{"@type":"EntryPoint","urlTemplate":"https:\/\/aerox.nl\/fr\/?s={search_term_string}"},"query-input":{"@type":"PropertyValueSpecification","valueRequired":true,"valueName":"search_term_string"}}],"inLanguage":"fr-FR"},{"@type":"Organization","@id":"https:\/\/aerox.nl\/fr\/#organization","name":"Aerox","url":"https:\/\/aerox.nl\/fr\/","logo":{"@type":"ImageObject","inLanguage":"fr-FR","@id":"https:\/\/aerox.nl\/fr\/#\/schema\/logo\/image\/","url":"https:\/\/aerox.nl\/wp-content\/uploads\/aerox-logo.svg","contentUrl":"https:\/\/aerox.nl\/wp-content\/uploads\/aerox-logo.svg","width":265,"height":87,"caption":"Aerox"},"image":{"@id":"https:\/\/aerox.nl\/fr\/#\/schema\/logo\/image\/"},"sameAs":["https:\/\/x.com\/aeroxinjector"]},{"@type":"Person","@id":"https:\/\/aerox.nl\/fr\/#\/schema\/person\/7e9f4cfa0aec51b2022697bb4f173106","name":"Lowe\u00e9","image":{"@type":"ImageObject","inLanguage":"fr-FR","@id":"https:\/\/aerox.nl\/fr\/#\/schema\/person\/image\/","url":"https:\/\/secure.gravatar.com\/avatar\/eb116f67394b68d4e9c10f2d68a3def33d99168d8e37642ee4f07368a22bed6f?s=96&d=mm&r=g","contentUrl":"https:\/\/secure.gravatar.com\/avatar\/eb116f67394b68d4e9c10f2d68a3def33d99168d8e37642ee4f07368a22bed6f?s=96&d=mm&r=g","caption":"Lowe\u00e9"},"url":"https:\/\/aerox.nl\/fr\/author\/lowee\/"}]}},"_links":{"self":[{"href":"https:\/\/aerox.nl\/fr\/wp-json\/wp\/v2\/pages\/2449","targetHints":{"allow":["GET"]}}],"collection":[{"href":"https:\/\/aerox.nl\/fr\/wp-json\/wp\/v2\/pages"}],"about":[{"href":"https:\/\/aerox.nl\/fr\/wp-json\/wp\/v2\/types\/page"}],"author":[{"embeddable":true,"href":"https:\/\/aerox.nl\/fr\/wp-json\/wp\/v2\/users\/10"}],"replies":[{"embeddable":true,"href":"https:\/\/aerox.nl\/fr\/wp-json\/wp\/v2\/comments?post=2449"}],"version-history":[{"count":0,"href":"https:\/\/aerox.nl\/fr\/wp-json\/wp\/v2\/pages\/2449\/revisions"}],"wp:attachment":[{"href":"https:\/\/aerox.nl\/fr\/wp-json\/wp\/v2\/media?parent=2449"}],"curies":[{"name":"wp","href":"https:\/\/api.w.org\/{rel}","templated":true}]}}